{"id":64,"date":"2020-12-16T17:12:46","date_gmt":"2020-12-16T17:12:46","guid":{"rendered":"https:\/\/www.valianiterapeuta.com\/?page_id=64"},"modified":"2020-12-16T17:12:46","modified_gmt":"2020-12-16T17:12:46","slug":"noivas","status":"publish","type":"page","link":"https:\/\/www.valianiterapeuta.com\/en\/noivas","title":{"rendered":"Brides"},"content":{"rendered":"<p>Imagina num dos dias mais importantes da sua vida. Se sentir al\u00e9m de imensamente feliz por dentro, profundamente leve desintoxicada e com a pele mais que luminosa por fora? Um sonho n\u00e3o \u00e9?<\/p>\n<p>\u00c9 justamente isso o que buscamos com o protocolo facial Pre-Party: limpar profundamente a sua pele, deixando-a receptiva a todos os nutrientes que ser\u00e3o aplicados, geralmente vitamina C para um boost de luminosidade ou um misto de cocktail vitam\u00ednico anti-anging para hidratar profundamente. A pele mais saud\u00e1vel e hidratada far\u00e1 maravilhas tamb\u00e9m pela maquilhagem que escolher.<\/p>\n<p>A drenagem detox power \u00e9 daquelas coisas que se pudessemos fariamos todos os dias.  Aquele tratamento que voc\u00ea elimina muito volume e ajuda imenso na reten\u00e7\u00e3o, o vestido vai assentar na perfei\u00e7\u00e3o. Isto tudo na comodidade do seu hotel com a equipe que voc\u00ea escolheu para cuidar de tudo. Eu levo at\u00e9 voc\u00ea o sonho de spa no seu dia de princesa.<br \/>\nNoiva<br \/>\nValor:<br \/>\n150\u20ac. ( corporal e facial)<br \/>\n80\u20ac (somente corporal )<\/p>\n<p>Glamm madrinhas e m\u00e3e da noiva.<br \/>\nValor:<br \/>\n85 \u20ac ( corporal e facial)<br \/>\n60\u20ac ( somente corporal)<\/p>\n<p>Todos os protocolos corporais e faciais podem ser adaptados para a m\u00e3e  e madrinhas da noite. Existem pacotes que podem ser feitos e na compra de 4 pessoas ofere\u00e7o uma pessoa. <\/p>\n<p>Contacte-me para saber mais sobre a avalia\u00e7\u00e3o de cada pele, pacotes e condi\u00e7\u00f5es.<\/p>","protected":false},"excerpt":{"rendered":"<p>Imagina num dos dias mais importantes da sua vida. Se sentir al\u00e9m de imensamente feliz por dentro, profundamente leve desintoxicada e com a pele mais que luminosa por fora? Um sonho n\u00e3o \u00e9? \u00c9 justamente isso o que buscamos com o protocolo facial Pre-Party: limpar profundamente a sua pele, deixando-a receptiva a todos os nutrientes [&hellip;]<\/p>","protected":false},"author":1,"featured_media":0,"parent":0,"menu_order":0,"comment_status":"closed","ping_status":"closed","template":"","meta":{"_genesis_hide_title":false,"_genesis_hide_breadcrumbs":false,"_genesis_hide_singular_image":false,"_genesis_hide_footer_widgets":false,"_genesis_custom_body_class":"","_genesis_custom_post_class":"","_genesis_layout":"","footnotes":""},"class_list":{"0":"post-64","1":"page","2":"type-page","3":"status-publish","5":"entry"},"yoast_head":"<!-- This site is optimized with the Yoast SEO plugin v22.7 - https:\/\/yoast.com\/wordpress\/plugins\/seo\/ -->\n<title>Noivas<\/title>\n<meta name=\"robots\" content=\"index, follow, max-snippet:-1, max-image-preview:large, max-video-preview:-1\" \/>\n<link rel=\"canonical\" href=\"https:\/\/www.valianiterapeuta.com\/en\/noivas\/\" \/>\n<meta property=\"og:locale\" content=\"en_US\" \/>\n<meta property=\"og:type\" content=\"article\" \/>\n<meta property=\"og:title\" content=\"Noivas\" \/>\n<meta property=\"og:description\" content=\"Imagina num dos dias mais importantes da sua vida. Se sentir al\u00e9m de imensamente feliz por dentro, profundamente leve desintoxicada e com a pele mais que luminosa por fora? Um sonho n\u00e3o \u00e9? \u00c9 justamente isso o que buscamos com o protocolo facial Pre-Party: limpar profundamente a sua pele, deixando-a receptiva a todos os nutrientes [&hellip;]\" \/>\n<meta property=\"og:url\" content=\"https:\/\/www.valianiterapeuta.com\/en\/noivas\/\" \/>\n<meta property=\"og:site_name\" content=\"Valiani Terapeuta\" \/>\n<meta name=\"twitter:card\" content=\"summary_large_image\" \/>\n<meta name=\"twitter:label1\" content=\"Est. reading time\" \/>\n\t<meta name=\"twitter:data1\" content=\"1 minute\" \/>\n<script type=\"application\/ld+json\" class=\"yoast-schema-graph\">{\"@context\":\"https:\/\/schema.org\",\"@graph\":[{\"@type\":\"WebPage\",\"@id\":\"https:\/\/www.valianiterapeuta.com\/noivas\",\"url\":\"https:\/\/www.valianiterapeuta.com\/noivas\",\"name\":\"Noivas\",\"isPartOf\":{\"@id\":\"https:\/\/www.valianiterapeuta.com\/#website\"},\"datePublished\":\"2020-12-16T17:12:46+00:00\",\"dateModified\":\"2020-12-16T17:12:46+00:00\",\"breadcrumb\":{\"@id\":\"https:\/\/www.valianiterapeuta.com\/noivas#breadcrumb\"},\"inLanguage\":\"en-US\",\"potentialAction\":[{\"@type\":\"ReadAction\",\"target\":[\"https:\/\/www.valianiterapeuta.com\/noivas\"]}]},{\"@type\":\"BreadcrumbList\",\"@id\":\"https:\/\/www.valianiterapeuta.com\/noivas#breadcrumb\",\"itemListElement\":[{\"@type\":\"ListItem\",\"position\":1,\"name\":\"Home\",\"item\":\"https:\/\/www.valianiterapeuta.com\/\"},{\"@type\":\"ListItem\",\"position\":2,\"name\":\"Noivas\"}]},{\"@type\":\"WebSite\",\"@id\":\"https:\/\/www.valianiterapeuta.com\/#website\",\"url\":\"https:\/\/www.valianiterapeuta.com\/\",\"name\":\"Drenagem linf\u00e1tica Lisboa - Valiani Terapeuta\",\"description\":\"Massagem, drenagem linfatica e peeling em Lisboa\",\"potentialAction\":[{\"@type\":\"SearchAction\",\"target\":{\"@type\":\"EntryPoint\",\"urlTemplate\":\"https:\/\/www.valianiterapeuta.com\/?s={search_term_string}\"},\"query-input\":\"required name=search_term_string\"}],\"inLanguage\":\"en-US\"}]}<\/script>\n<!-- \/ Yoast SEO plugin. -->","yoast_head_json":{"title":"Noivas","robots":{"index":"index","follow":"follow","max-snippet":"max-snippet:-1","max-image-preview":"max-image-preview:large","max-video-preview":"max-video-preview:-1"},"canonical":"https:\/\/www.valianiterapeuta.com\/en\/noivas\/","og_locale":"en_US","og_type":"article","og_title":"Noivas","og_description":"Imagina num dos dias mais importantes da sua vida. Se sentir al\u00e9m de imensamente feliz por dentro, profundamente leve desintoxicada e com a pele mais que luminosa por fora? Um sonho n\u00e3o \u00e9? \u00c9 justamente isso o que buscamos com o protocolo facial Pre-Party: limpar profundamente a sua pele, deixando-a receptiva a todos os nutrientes [&hellip;]","og_url":"https:\/\/www.valianiterapeuta.com\/en\/noivas\/","og_site_name":"Valiani Terapeuta","twitter_card":"summary_large_image","twitter_misc":{"Est. reading time":"1 minute"},"schema":{"@context":"https:\/\/schema.org","@graph":[{"@type":"WebPage","@id":"https:\/\/www.valianiterapeuta.com\/noivas","url":"https:\/\/www.valianiterapeuta.com\/noivas","name":"Noivas","isPartOf":{"@id":"https:\/\/www.valianiterapeuta.com\/#website"},"datePublished":"2020-12-16T17:12:46+00:00","dateModified":"2020-12-16T17:12:46+00:00","breadcrumb":{"@id":"https:\/\/www.valianiterapeuta.com\/noivas#breadcrumb"},"inLanguage":"en-US","potentialAction":[{"@type":"ReadAction","target":["https:\/\/www.valianiterapeuta.com\/noivas"]}]},{"@type":"BreadcrumbList","@id":"https:\/\/www.valianiterapeuta.com\/noivas#breadcrumb","itemListElement":[{"@type":"ListItem","position":1,"name":"Home","item":"https:\/\/www.valianiterapeuta.com\/"},{"@type":"ListItem","position":2,"name":"Noivas"}]},{"@type":"WebSite","@id":"https:\/\/www.valianiterapeuta.com\/#website","url":"https:\/\/www.valianiterapeuta.com\/","name":"Drenagem linf\u00e1tica Lisboa - Valiani Terapeuta","description":"Massagem, drenagem linfatica e peeling em Lisboa","potentialAction":[{"@type":"SearchAction","target":{"@type":"EntryPoint","urlTemplate":"https:\/\/www.valianiterapeuta.com\/?s={search_term_string}"},"query-input":"required name=search_term_string"}],"inLanguage":"en-US"}]}},"_links":{"self":[{"href":"https:\/\/www.valianiterapeuta.com\/en\/wp-json\/wp\/v2\/pages\/64","targetHints":{"allow":["GET"]}}],"collection":[{"href":"https:\/\/www.valianiterapeuta.com\/en\/wp-json\/wp\/v2\/pages"}],"about":[{"href":"https:\/\/www.valianiterapeuta.com\/en\/wp-json\/wp\/v2\/types\/page"}],"author":[{"embeddable":true,"href":"https:\/\/www.valianiterapeuta.com\/en\/wp-json\/wp\/v2\/users\/1"}],"replies":[{"embeddable":true,"href":"https:\/\/www.valianiterapeuta.com\/en\/wp-json\/wp\/v2\/comments?post=64"}],"version-history":[{"count":0,"href":"https:\/\/www.valianiterapeuta.com\/en\/wp-json\/wp\/v2\/pages\/64\/revisions"}],"wp:attachment":[{"href":"https:\/\/www.valianiterapeuta.com\/en\/wp-json\/wp\/v2\/media?parent=64"}],"curies":[{"name":"wp","href":"https:\/\/api.w.org\/{rel}","templated":true}]}}