{"id":61,"date":"2020-12-16T17:01:46","date_gmt":"2020-12-16T17:01:46","guid":{"rendered":"https:\/\/www.valianiterapeuta.com\/?page_id=61"},"modified":"2020-12-16T17:01:46","modified_gmt":"2020-12-16T17:01:46","slug":"peeling-clareador-melasma-manchas-solares","status":"publish","type":"page","link":"https:\/\/www.valianiterapeuta.com\/fr\/peeling-clareador-melasma-manchas-solares","title":{"rendered":"Peeling Clareador: melasma e manchas solares"},"content":{"rendered":"<p>\u00c9 recorrente a queixa das minhas clientes que chegam at\u00e9 mim com melasma ou micropigmemta\u00e7\u00e3o do rosto. A insatisfa\u00e7\u00e3o com nossa pele mexe diretamente com nossa autoestima, podendo at\u00e9 acarretar s\u00e9rios problemas psicol\u00f3gicos.<\/p>\n<p>A origem das manchas podem ser v\u00e1rias: problemas heredit\u00e1rios, excesso de exposi\u00e7\u00e3o solar sem prote\u00e7\u00e3o adequada, alergia ou at\u00e9 mesmo um processo natural de envelhecimento cut\u00e2neo. <\/p>\n<p>Por essa raz\u00e3o, e junto com esse laborat\u00f3rio magn\u00edfico com mais de 10 anos no mercado, eu trabalho com peelings direcionados para manchas e que s\u00e3o recomendados para serem feitos em todas as esta\u00e7\u00f5es do ano. Porque quem sofre disso n\u00e3o quer esperar o sol dar uma tr\u00e9gua para se cuidar, n\u00e3o \u00e9 mesmo?<\/p>\n<p>Melasma n\u00e3o tem cura, mas n\u00e3o \u00e9 por isso que n\u00e3o podemos e devemos cuidar dele. Os cremes de tratamentos para serem usados em casa e a constante aplica\u00e7\u00e3o do protetor solar andam de m\u00e3os dadas para o sucesso nessa luta. N\u00e3o existe milagre e n\u00e3o ser\u00e1 somente ap\u00f3s uma sess\u00e3o que veremos o resultado desejado.<\/p>\n<p>Teremos uma conversa franca na primeira consulta de avalia\u00e7\u00e3o, na qual abordarei quest\u00f5es pr\u00e1ticas e tamb\u00e9m psicol\u00f3gicas de expectativas. Quem me conhece sabe que eu n\u00e3o dou garantia exata de resultado porque como sempre estamos trabalhando com a pele de um ser humano \u00fanico, com caracter\u00edsticas \u00fanicas e vari\u00e1veis. <\/p>\n<p>Pre\u00e7o da sess\u00e3o: 50\u20ac a 70\u20ac (a quantidade de sess\u00f5es necess\u00e1rias\u00a0 e o espa\u00e7amento entre elas ser\u00e3o discutidas na primeira consulta de avalia\u00e7\u00e3o)<\/p>\n<p>Contactez-moi pour en savoir plus sur chaque \u00e9valuation de la peau, les forfaits et les conditions.<\/p>","protected":false},"excerpt":{"rendered":"<p>\u00c9 recorrente a queixa das minhas clientes que chegam at\u00e9 mim com melasma ou micropigmemta\u00e7\u00e3o do rosto. A insatisfa\u00e7\u00e3o com nossa pele mexe diretamente com nossa autoestima, podendo at\u00e9 acarretar s\u00e9rios problemas psicol\u00f3gicos. A origem das manchas podem ser v\u00e1rias: problemas heredit\u00e1rios, excesso de exposi\u00e7\u00e3o solar sem prote\u00e7\u00e3o adequada, alergia ou at\u00e9 mesmo um processo [&hellip;]<\/p>","protected":false},"author":1,"featured_media":0,"parent":0,"menu_order":0,"comment_status":"closed","ping_status":"closed","template":"","meta":{"_genesis_hide_title":false,"_genesis_hide_breadcrumbs":false,"_genesis_hide_singular_image":false,"_genesis_hide_footer_widgets":false,"_genesis_custom_body_class":"","_genesis_custom_post_class":"","_genesis_layout":"","footnotes":""},"class_list":{"0":"post-61","1":"page","2":"type-page","3":"status-publish","5":"entry"},"yoast_head":"<!-- This site is optimized with the Yoast SEO plugin v22.7 - https:\/\/yoast.com\/wordpress\/plugins\/seo\/ -->\n<title>Peeling Clareador: melasma e manchas solares<\/title>\n<meta name=\"robots\" content=\"index, follow, max-snippet:-1, max-image-preview:large, max-video-preview:-1\" \/>\n<link rel=\"canonical\" href=\"https:\/\/www.valianiterapeuta.com\/fr\/peeling-clareador-melasma-manchas-solares\/\" \/>\n<meta property=\"og:locale\" content=\"fr_FR\" \/>\n<meta property=\"og:type\" content=\"article\" \/>\n<meta property=\"og:title\" content=\"Peeling Clareador: melasma e manchas solares\" \/>\n<meta property=\"og:description\" content=\"\u00c9 recorrente a queixa das minhas clientes que chegam at\u00e9 mim com melasma ou micropigmemta\u00e7\u00e3o do rosto. A insatisfa\u00e7\u00e3o com nossa pele mexe diretamente com nossa autoestima, podendo at\u00e9 acarretar s\u00e9rios problemas psicol\u00f3gicos. A origem das manchas podem ser v\u00e1rias: problemas heredit\u00e1rios, excesso de exposi\u00e7\u00e3o solar sem prote\u00e7\u00e3o adequada, alergia ou at\u00e9 mesmo um processo [&hellip;]\" \/>\n<meta property=\"og:url\" content=\"https:\/\/www.valianiterapeuta.com\/fr\/peeling-clareador-melasma-manchas-solares\/\" \/>\n<meta property=\"og:site_name\" content=\"Valiani Terapeuta\" \/>\n<meta name=\"twitter:card\" content=\"summary_large_image\" \/>\n<meta name=\"twitter:label1\" content=\"Dur\u00e9e de lecture estim\u00e9e\" \/>\n\t<meta name=\"twitter:data1\" content=\"1 minute\" \/>\n<script type=\"application\/ld+json\" class=\"yoast-schema-graph\">{\"@context\":\"https:\/\/schema.org\",\"@graph\":[{\"@type\":\"WebPage\",\"@id\":\"https:\/\/www.valianiterapeuta.com\/peeling-clareador-melasma-manchas-solares\",\"url\":\"https:\/\/www.valianiterapeuta.com\/peeling-clareador-melasma-manchas-solares\",\"name\":\"Peeling Clareador: melasma e manchas solares\",\"isPartOf\":{\"@id\":\"https:\/\/www.valianiterapeuta.com\/#website\"},\"datePublished\":\"2020-12-16T17:01:46+00:00\",\"dateModified\":\"2020-12-16T17:01:46+00:00\",\"breadcrumb\":{\"@id\":\"https:\/\/www.valianiterapeuta.com\/peeling-clareador-melasma-manchas-solares#breadcrumb\"},\"inLanguage\":\"fr-FR\",\"potentialAction\":[{\"@type\":\"ReadAction\",\"target\":[\"https:\/\/www.valianiterapeuta.com\/peeling-clareador-melasma-manchas-solares\"]}]},{\"@type\":\"BreadcrumbList\",\"@id\":\"https:\/\/www.valianiterapeuta.com\/peeling-clareador-melasma-manchas-solares#breadcrumb\",\"itemListElement\":[{\"@type\":\"ListItem\",\"position\":1,\"name\":\"Home\",\"item\":\"https:\/\/www.valianiterapeuta.com\/\"},{\"@type\":\"ListItem\",\"position\":2,\"name\":\"Peeling Clareador: melasma e manchas solares\"}]},{\"@type\":\"WebSite\",\"@id\":\"https:\/\/www.valianiterapeuta.com\/#website\",\"url\":\"https:\/\/www.valianiterapeuta.com\/\",\"name\":\"Drenagem linf\u00e1tica Lisboa - Valiani Terapeuta\",\"description\":\"Massagem, drenagem linfatica e peeling em Lisboa\",\"potentialAction\":[{\"@type\":\"SearchAction\",\"target\":{\"@type\":\"EntryPoint\",\"urlTemplate\":\"https:\/\/www.valianiterapeuta.com\/?s={search_term_string}\"},\"query-input\":\"required name=search_term_string\"}],\"inLanguage\":\"fr-FR\"}]}<\/script>\n<!-- \/ Yoast SEO plugin. -->","yoast_head_json":{"title":"Peeling Clareador: melasma e manchas solares","robots":{"index":"index","follow":"follow","max-snippet":"max-snippet:-1","max-image-preview":"max-image-preview:large","max-video-preview":"max-video-preview:-1"},"canonical":"https:\/\/www.valianiterapeuta.com\/fr\/peeling-clareador-melasma-manchas-solares\/","og_locale":"fr_FR","og_type":"article","og_title":"Peeling Clareador: melasma e manchas solares","og_description":"\u00c9 recorrente a queixa das minhas clientes que chegam at\u00e9 mim com melasma ou micropigmemta\u00e7\u00e3o do rosto. A insatisfa\u00e7\u00e3o com nossa pele mexe diretamente com nossa autoestima, podendo at\u00e9 acarretar s\u00e9rios problemas psicol\u00f3gicos. A origem das manchas podem ser v\u00e1rias: problemas heredit\u00e1rios, excesso de exposi\u00e7\u00e3o solar sem prote\u00e7\u00e3o adequada, alergia ou at\u00e9 mesmo um processo [&hellip;]","og_url":"https:\/\/www.valianiterapeuta.com\/fr\/peeling-clareador-melasma-manchas-solares\/","og_site_name":"Valiani Terapeuta","twitter_card":"summary_large_image","twitter_misc":{"Dur\u00e9e de lecture estim\u00e9e":"1 minute"},"schema":{"@context":"https:\/\/schema.org","@graph":[{"@type":"WebPage","@id":"https:\/\/www.valianiterapeuta.com\/peeling-clareador-melasma-manchas-solares","url":"https:\/\/www.valianiterapeuta.com\/peeling-clareador-melasma-manchas-solares","name":"Peeling Clareador: melasma e manchas solares","isPartOf":{"@id":"https:\/\/www.valianiterapeuta.com\/#website"},"datePublished":"2020-12-16T17:01:46+00:00","dateModified":"2020-12-16T17:01:46+00:00","breadcrumb":{"@id":"https:\/\/www.valianiterapeuta.com\/peeling-clareador-melasma-manchas-solares#breadcrumb"},"inLanguage":"fr-FR","potentialAction":[{"@type":"ReadAction","target":["https:\/\/www.valianiterapeuta.com\/peeling-clareador-melasma-manchas-solares"]}]},{"@type":"BreadcrumbList","@id":"https:\/\/www.valianiterapeuta.com\/peeling-clareador-melasma-manchas-solares#breadcrumb","itemListElement":[{"@type":"ListItem","position":1,"name":"Home","item":"https:\/\/www.valianiterapeuta.com\/"},{"@type":"ListItem","position":2,"name":"Peeling Clareador: melasma e manchas solares"}]},{"@type":"WebSite","@id":"https:\/\/www.valianiterapeuta.com\/#website","url":"https:\/\/www.valianiterapeuta.com\/","name":"Drenagem linf\u00e1tica Lisboa - Valiani Terapeuta","description":"Massagem, drenagem linfatica e peeling em Lisboa","potentialAction":[{"@type":"SearchAction","target":{"@type":"EntryPoint","urlTemplate":"https:\/\/www.valianiterapeuta.com\/?s={search_term_string}"},"query-input":"required name=search_term_string"}],"inLanguage":"fr-FR"}]}},"_links":{"self":[{"href":"https:\/\/www.valianiterapeuta.com\/fr\/wp-json\/wp\/v2\/pages\/61","targetHints":{"allow":["GET"]}}],"collection":[{"href":"https:\/\/www.valianiterapeuta.com\/fr\/wp-json\/wp\/v2\/pages"}],"about":[{"href":"https:\/\/www.valianiterapeuta.com\/fr\/wp-json\/wp\/v2\/types\/page"}],"author":[{"embeddable":true,"href":"https:\/\/www.valianiterapeuta.com\/fr\/wp-json\/wp\/v2\/users\/1"}],"replies":[{"embeddable":true,"href":"https:\/\/www.valianiterapeuta.com\/fr\/wp-json\/wp\/v2\/comments?post=61"}],"version-history":[{"count":0,"href":"https:\/\/www.valianiterapeuta.com\/fr\/wp-json\/wp\/v2\/pages\/61\/revisions"}],"wp:attachment":[{"href":"https:\/\/www.valianiterapeuta.com\/fr\/wp-json\/wp\/v2\/media?parent=61"}],"curies":[{"name":"wp","href":"https:\/\/api.w.org\/{rel}","templated":true}]}}