{"id":62,"date":"2020-12-16T16:59:08","date_gmt":"2020-12-16T16:59:08","guid":{"rendered":"https:\/\/www.valianiterapeuta.com\/?page_id=62"},"modified":"2020-12-16T17:00:09","modified_gmt":"2020-12-16T17:00:09","slug":"peeling-anti-aging","status":"publish","type":"page","link":"https:\/\/www.valianiterapeuta.com\/it\/peeling-anti-aging","title":{"rendered":"Peeling Anti-aging"},"content":{"rendered":"<p>Esse \u00e9 o queridinho e mais universal peeling de todos os tempos. Sem restri\u00e7\u00e3o de idade e nem de tipos de pele. Foi especialmente desenvolvido para ser usado e abusado no ver\u00e3o. Porque acreditamos que os tratamentos faciais n\u00e3o precisam esperar pelo inverno para serem postos em pr\u00e1tica. <\/p>\n<p>O peeling anti-aging instant\u00e2neo promove a compacta\u00e7\u00e3o da camada mais profunda da pele, dando um efeito de firmeza imediata. E lifting instant\u00e2neo, melhorando a cicatriza\u00e7\u00e3o rugas poucos profundas. Tamb\u00e9m\u00a0 ajuda no alinhamento da tez da pele e clareia manchas pequenas de hiperpigmentacao. <\/p>\n<p>Os benef\u00edcios desse peeling s\u00e3o in\u00fameros e j\u00e1 podem ser vistos logo na primeira aplica\u00e7\u00e3o. E sabe a parte boa? Ele n\u00e3o tem qualquer per\u00edodo de reabilita\u00e7\u00e3o solar, o que nos permite tratar a pele inclusive no ver\u00e3o. al\u00e9m de tudo \u00e9 completamente indolor. <\/p>\n<p>Porque acreditamos que o rosto \u00e9 o primeiro lugar que nossa autoestima aparece. <\/p>\n<p>Todos os tratamentos faciais est\u00e3o sujeitos\u00a0 a uma primeira consulta de avalia\u00e7\u00e3o em que v\u00e3o ser adaptados \u00e0s necessidades de cada cliente. Falaremos sobre v\u00e1rias quest\u00f5es pr\u00e1ticas de cuidados da pele num p\u00f3s-peeling, assim como quest\u00f5es do foro psicol\u00f3gico ser\u00e3o abordadas. Quem me conhece sabe que eu trabalho com expectativas reais e deixo isto bem claro para o cliente. <\/p>\n<p>Pre\u00e7o da sess\u00e3o: 50\u20ac a 70\u20ac (a quantidade de sess\u00f5es necess\u00e1rias\u00a0 e o espa\u00e7amento entre elas ser\u00e3o discutidas na primeira consulta de avalia\u00e7\u00e3o)<br \/>\nContacte-me para saber mais sobre a avalia\u00e7\u00e3o de cada pele, pacotes e condi\u00e7\u00f5es<\/p>","protected":false},"excerpt":{"rendered":"<p>Esse \u00e9 o queridinho e mais universal peeling de todos os tempos. Sem restri\u00e7\u00e3o de idade e nem de tipos de pele. Foi especialmente desenvolvido para ser usado e abusado no ver\u00e3o. Porque acreditamos que os tratamentos faciais n\u00e3o precisam esperar pelo inverno para serem postos em pr\u00e1tica. O peeling anti-aging instant\u00e2neo promove a compacta\u00e7\u00e3o [&hellip;]<\/p>","protected":false},"author":1,"featured_media":0,"parent":0,"menu_order":0,"comment_status":"closed","ping_status":"closed","template":"","meta":{"_genesis_hide_title":false,"_genesis_hide_breadcrumbs":false,"_genesis_hide_singular_image":false,"_genesis_hide_footer_widgets":false,"_genesis_custom_body_class":"","_genesis_custom_post_class":"","_genesis_layout":"","footnotes":""},"class_list":{"0":"post-62","1":"page","2":"type-page","3":"status-publish","5":"entry"},"yoast_head":"<!-- This site is optimized with the Yoast SEO plugin v22.7 - https:\/\/yoast.com\/wordpress\/plugins\/seo\/ -->\n<title>Peeling Anti-aging<\/title>\n<meta name=\"robots\" content=\"index, follow, max-snippet:-1, max-image-preview:large, max-video-preview:-1\" \/>\n<link rel=\"canonical\" href=\"https:\/\/www.valianiterapeuta.com\/it\/peeling-anti-aging\/\" \/>\n<meta property=\"og:locale\" content=\"it_IT\" \/>\n<meta property=\"og:type\" content=\"article\" \/>\n<meta property=\"og:title\" content=\"Peeling Anti-aging\" \/>\n<meta property=\"og:description\" content=\"Esse \u00e9 o queridinho e mais universal peeling de todos os tempos. Sem restri\u00e7\u00e3o de idade e nem de tipos de pele. Foi especialmente desenvolvido para ser usado e abusado no ver\u00e3o. Porque acreditamos que os tratamentos faciais n\u00e3o precisam esperar pelo inverno para serem postos em pr\u00e1tica. O peeling anti-aging instant\u00e2neo promove a compacta\u00e7\u00e3o [&hellip;]\" \/>\n<meta property=\"og:url\" content=\"https:\/\/www.valianiterapeuta.com\/it\/peeling-anti-aging\/\" \/>\n<meta property=\"og:site_name\" content=\"Valiani Terapeuta\" \/>\n<meta property=\"article:modified_time\" content=\"2020-12-16T17:00:09+00:00\" \/>\n<meta name=\"twitter:card\" content=\"summary_large_image\" \/>\n<meta name=\"twitter:label1\" content=\"Tempo di lettura stimato\" \/>\n\t<meta name=\"twitter:data1\" content=\"1 minuto\" \/>\n<script type=\"application\/ld+json\" class=\"yoast-schema-graph\">{\"@context\":\"https:\/\/schema.org\",\"@graph\":[{\"@type\":\"WebPage\",\"@id\":\"https:\/\/www.valianiterapeuta.com\/peeling-anti-aging\",\"url\":\"https:\/\/www.valianiterapeuta.com\/peeling-anti-aging\",\"name\":\"Peeling Anti-aging\",\"isPartOf\":{\"@id\":\"https:\/\/www.valianiterapeuta.com\/#website\"},\"datePublished\":\"2020-12-16T16:59:08+00:00\",\"dateModified\":\"2020-12-16T17:00:09+00:00\",\"breadcrumb\":{\"@id\":\"https:\/\/www.valianiterapeuta.com\/peeling-anti-aging#breadcrumb\"},\"inLanguage\":\"it-IT\",\"potentialAction\":[{\"@type\":\"ReadAction\",\"target\":[\"https:\/\/www.valianiterapeuta.com\/peeling-anti-aging\"]}]},{\"@type\":\"BreadcrumbList\",\"@id\":\"https:\/\/www.valianiterapeuta.com\/peeling-anti-aging#breadcrumb\",\"itemListElement\":[{\"@type\":\"ListItem\",\"position\":1,\"name\":\"Home\",\"item\":\"https:\/\/www.valianiterapeuta.com\/\"},{\"@type\":\"ListItem\",\"position\":2,\"name\":\"Peeling Anti-aging\"}]},{\"@type\":\"WebSite\",\"@id\":\"https:\/\/www.valianiterapeuta.com\/#website\",\"url\":\"https:\/\/www.valianiterapeuta.com\/\",\"name\":\"Drenagem linf\u00e1tica Lisboa - Valiani Terapeuta\",\"description\":\"Massagem, drenagem linfatica e peeling em Lisboa\",\"potentialAction\":[{\"@type\":\"SearchAction\",\"target\":{\"@type\":\"EntryPoint\",\"urlTemplate\":\"https:\/\/www.valianiterapeuta.com\/?s={search_term_string}\"},\"query-input\":\"required name=search_term_string\"}],\"inLanguage\":\"it-IT\"}]}<\/script>\n<!-- \/ Yoast SEO plugin. -->","yoast_head_json":{"title":"Peeling Anti-aging","robots":{"index":"index","follow":"follow","max-snippet":"max-snippet:-1","max-image-preview":"max-image-preview:large","max-video-preview":"max-video-preview:-1"},"canonical":"https:\/\/www.valianiterapeuta.com\/it\/peeling-anti-aging\/","og_locale":"it_IT","og_type":"article","og_title":"Peeling Anti-aging","og_description":"Esse \u00e9 o queridinho e mais universal peeling de todos os tempos. Sem restri\u00e7\u00e3o de idade e nem de tipos de pele. Foi especialmente desenvolvido para ser usado e abusado no ver\u00e3o. Porque acreditamos que os tratamentos faciais n\u00e3o precisam esperar pelo inverno para serem postos em pr\u00e1tica. O peeling anti-aging instant\u00e2neo promove a compacta\u00e7\u00e3o [&hellip;]","og_url":"https:\/\/www.valianiterapeuta.com\/it\/peeling-anti-aging\/","og_site_name":"Valiani Terapeuta","article_modified_time":"2020-12-16T17:00:09+00:00","twitter_card":"summary_large_image","twitter_misc":{"Tempo di lettura stimato":"1 minuto"},"schema":{"@context":"https:\/\/schema.org","@graph":[{"@type":"WebPage","@id":"https:\/\/www.valianiterapeuta.com\/peeling-anti-aging","url":"https:\/\/www.valianiterapeuta.com\/peeling-anti-aging","name":"Peeling Anti-aging","isPartOf":{"@id":"https:\/\/www.valianiterapeuta.com\/#website"},"datePublished":"2020-12-16T16:59:08+00:00","dateModified":"2020-12-16T17:00:09+00:00","breadcrumb":{"@id":"https:\/\/www.valianiterapeuta.com\/peeling-anti-aging#breadcrumb"},"inLanguage":"it-IT","potentialAction":[{"@type":"ReadAction","target":["https:\/\/www.valianiterapeuta.com\/peeling-anti-aging"]}]},{"@type":"BreadcrumbList","@id":"https:\/\/www.valianiterapeuta.com\/peeling-anti-aging#breadcrumb","itemListElement":[{"@type":"ListItem","position":1,"name":"Home","item":"https:\/\/www.valianiterapeuta.com\/"},{"@type":"ListItem","position":2,"name":"Peeling Anti-aging"}]},{"@type":"WebSite","@id":"https:\/\/www.valianiterapeuta.com\/#website","url":"https:\/\/www.valianiterapeuta.com\/","name":"Drenagem linf\u00e1tica Lisboa - Valiani Terapeuta","description":"Massagem, drenagem linfatica e peeling em Lisboa","potentialAction":[{"@type":"SearchAction","target":{"@type":"EntryPoint","urlTemplate":"https:\/\/www.valianiterapeuta.com\/?s={search_term_string}"},"query-input":"required name=search_term_string"}],"inLanguage":"it-IT"}]}},"_links":{"self":[{"href":"https:\/\/www.valianiterapeuta.com\/it\/wp-json\/wp\/v2\/pages\/62","targetHints":{"allow":["GET"]}}],"collection":[{"href":"https:\/\/www.valianiterapeuta.com\/it\/wp-json\/wp\/v2\/pages"}],"about":[{"href":"https:\/\/www.valianiterapeuta.com\/it\/wp-json\/wp\/v2\/types\/page"}],"author":[{"embeddable":true,"href":"https:\/\/www.valianiterapeuta.com\/it\/wp-json\/wp\/v2\/users\/1"}],"replies":[{"embeddable":true,"href":"https:\/\/www.valianiterapeuta.com\/it\/wp-json\/wp\/v2\/comments?post=62"}],"version-history":[{"count":0,"href":"https:\/\/www.valianiterapeuta.com\/it\/wp-json\/wp\/v2\/pages\/62\/revisions"}],"wp:attachment":[{"href":"https:\/\/www.valianiterapeuta.com\/it\/wp-json\/wp\/v2\/media?parent=62"}],"curies":[{"name":"wp","href":"https:\/\/api.w.org\/{rel}","templated":true}]}}